{"id":4511,"date":"2023-10-13T02:43:14","date_gmt":"2023-10-13T09:43:14","guid":{"rendered":"http:\/\/klingerdirndl.com\/index.php\/versand-und-lieferzeit\/"},"modified":"2023-12-18T00:39:08","modified_gmt":"2023-12-18T08:39:08","slug":"versand-und-lieferzeit","status":"publish","type":"page","link":"https:\/\/klingerdirndl.com\/index.php\/versand-und-lieferzeit\/","title":{"rendered":"Versand und Lieferzeit"},"content":{"rendered":"<h1 class=\"main-page-title page-title h0\">Versand &#038; Lieferzeit<\/h1>\n<div class=\"rte\">\n<h3>Versandhinweis &#038; Sendungsverfolgung<\/h3>\n<p>Sie erhalten eine Sendungsbest\u00e4tigung via E-Mail, sobald die Bestellung unser Warenhaus verl\u00e4sst. Mit dieser Sendungscode k\u00f6nnen Sie den Versandablauf folgen. F\u00fcr die registrierten Kunden ist die Sendungsverfolgung m\u00f6glich. Die aktuelle Information zur Sendung finden Sie unter \u201eBestellungen\u201c in Ihren Kundenkonto.<\/p>\n<h3>\n<strong><b><span>V<\/span><\/b><\/strong>ersandkosten<\/h3>\n<p>Wir versenden unsere Kunden weltweit. Unsere Lieferl\u00e4nder k\u00f6nnen Sie der folgenden Tabelle entnehmen.<\/p>\n<table>\n<tbody>\n<tr>\n<td width=\"253\">\n<p>Land<\/p>\n<\/td>\n<td width=\"250\">\n<p>Preise<\/p>\n<\/td>\n<\/tr>\n<tr>\n<td>\n<p>Deutschland<\/p>\n<\/td>\n<td>\n<p>7,9\u00a0\u20ac<\/p>\n<\/td>\n<\/tr>\n<tr>\n<td>\n<p>EU L\u00e4nder<\/p>\n<\/td>\n<td>\n<p>12,9\u00a0\u20ac<\/p>\n<\/td>\n<\/tr>\n<tr>\n<td>\n<p>Andere L\u00e4nder<\/p>\n<\/td>\n<td>\n<p>19,9\u00a0\u20ac<\/p>\n<\/td>\n<\/tr>\n<\/tbody>\n<\/table>\n<p>\u00a0<\/p>\n<p>*(au\u00dfer F\u00e4r\u00f6er Inseln, Gr\u00f6nland, Franz\u00f6sische \u00dcberseegebiete, Britische Kanalinseln, Niederl\u00e4ndische \u00dcberseegebiete)\u00a0<\/p>\n<p><span>\u00a0** Bitte beachten Sie jedoch, dass bei Sendungen in die Schweiz zus\u00e4tzlich Z\u00f6lle, Steuern und\/oder weitere Geb\u00fchren anfallen, die wir leider nicht \u00fcbernehmen k\u00f6nnen. Die H\u00f6he der Geb\u00fchren richtet sich nach dem Warenwert und k\u00f6nnen dementsprechend variieren.<\/span><\/p>\n<p>\u00a0<\/p>\n<h4>Lieferzeit<\/h4>\n<p><span>VERSAND: 10-15 Tage<\/span>. Hast\u00a0du die Zahlungsart Vorkasse ausgew\u00e4hlt, erfolgt die Bearbeitung erst nach Eingang der Zahlung. Bitte beachte, dass es sich bei unseren Produkten um exklusive Designer-Trachten handelt, die in einigen F\u00e4llen erst in der Produktion bestellt werden m\u00fcssen. In diesem Fall verl\u00e4ngert sich die Lieferdauer um\u00a0<span>8-11 WERKTAGE<\/span>. Lieferungen nach\u00a0Deutschland\u00a0ben\u00f6tigen 10-13\u00a0Werktage, Lieferungen nach \u00d6sterreich ben\u00f6tigen 12-15 Werktage.<\/p>\n<p><strong>* Die Ware geht durch Ihre pers\u00f6nliche Annahmeverweigerung verloren. Sie \u00fcbernehmen die gesamte Verantwortung.<\/strong><\/p>\n<\/div>\n","protected":false},"excerpt":{"rendered":"<p>Versand &#038; Lieferzeit Versandhinweis &#038; Sendungsverfolgung Sie erhalten eine Sendungsbest\u00e4tigung via E-Mail, sobald die Bestellung unser Warenhaus verl\u00e4sst. Mit dieser Sendungscode k\u00f6nnen Sie den Versandablauf folgen. F\u00fcr die registrierten Kunden ist die Sendungsverfolgung m\u00f6glich. Die aktuelle Information zur Sendung finden Sie unter \u201eBestellungen\u201c in Ihren Kundenkonto. Versandkosten Wir versenden unsere Kunden weltweit. Unsere Lieferl\u00e4nder k\u00f6nnen &hellip;<\/p>\n<p class=\"read-more\"> <a class=\"\" href=\"https:\/\/klingerdirndl.com\/index.php\/versand-und-lieferzeit\/\"> <span class=\"screen-reader-text\">Versand und Lieferzeit<\/span> Read More \u00bb<\/a><\/p>\n","protected":false},"author":1,"featured_media":0,"parent":0,"menu_order":0,"comment_status":"closed","ping_status":"closed","template":"","meta":{"site-sidebar-layout":"default","site-content-layout":"","ast-site-content-layout":"default","site-content-style":"default","site-sidebar-style":"default","ast-global-header-display":"","ast-banner-title-visibility":"","ast-main-header-display":"","ast-hfb-above-header-display":"","ast-hfb-below-header-display":"","ast-hfb-mobile-header-display":"","site-post-title":"","ast-breadcrumbs-content":"","ast-featured-img":"","footer-sml-layout":"","theme-transparent-header-meta":"","adv-header-id-meta":"","stick-header-meta":"","header-above-stick-meta":"","header-main-stick-meta":"","header-below-stick-meta":"","astra-migrate-meta-layouts":"set","ast-page-background-enabled":"default","ast-page-background-meta":{"desktop":{"background-color":"var(--ast-global-color-4)","background-image":"","background-repeat":"repeat","background-position":"center center","background-size":"auto","background-attachment":"scroll","background-type":"","background-media":"","overlay-type":"","overlay-color":"","overlay-gradient":""},"tablet":{"background-color":"","background-image":"","background-repeat":"repeat","background-position":"center center","background-size":"auto","background-attachment":"scroll","background-type":"","background-media":"","overlay-type":"","overlay-color":"","overlay-gradient":""},"mobile":{"background-color":"","background-image":"","background-repeat":"repeat","background-position":"center center","background-size":"auto","background-attachment":"scroll","background-type":"","background-media":"","overlay-type":"","overlay-color":"","overlay-gradient":""}},"ast-content-background-meta":{"desktop":{"background-color":"var(--ast-global-color-5)","background-image":"","background-repeat":"repeat","background-position":"center center","background-size":"auto","background-attachment":"scroll","background-type":"","background-media":"","overlay-type":"","overlay-color":"","overlay-gradient":""},"tablet":{"background-color":"var(--ast-global-color-5)","background-image":"","background-repeat":"repeat","background-position":"center center","background-size":"auto","background-attachment":"scroll","background-type":"","background-media":"","overlay-type":"","overlay-color":"","overlay-gradient":""},"mobile":{"background-color":"var(--ast-global-color-5)","background-image":"","background-repeat":"repeat","background-position":"center center","background-size":"auto","background-attachment":"scroll","background-type":"","background-media":"","overlay-type":"","overlay-color":"","overlay-gradient":""}},"footnotes":""},"class_list":["post-4511","page","type-page","status-publish","hentry"],"acf":[],"_links":{"self":[{"href":"https:\/\/klingerdirndl.com\/index.php\/wp-json\/wp\/v2\/pages\/4511","targetHints":{"allow":["GET"]}}],"collection":[{"href":"https:\/\/klingerdirndl.com\/index.php\/wp-json\/wp\/v2\/pages"}],"about":[{"href":"https:\/\/klingerdirndl.com\/index.php\/wp-json\/wp\/v2\/types\/page"}],"author":[{"embeddable":true,"href":"https:\/\/klingerdirndl.com\/index.php\/wp-json\/wp\/v2\/users\/1"}],"replies":[{"embeddable":true,"href":"https:\/\/klingerdirndl.com\/index.php\/wp-json\/wp\/v2\/comments?post=4511"}],"version-history":[{"count":2,"href":"https:\/\/klingerdirndl.com\/index.php\/wp-json\/wp\/v2\/pages\/4511\/revisions"}],"predecessor-version":[{"id":7514,"href":"https:\/\/klingerdirndl.com\/index.php\/wp-json\/wp\/v2\/pages\/4511\/revisions\/7514"}],"wp:attachment":[{"href":"https:\/\/klingerdirndl.com\/index.php\/wp-json\/wp\/v2\/media?parent=4511"}],"curies":[{"name":"wp","href":"https:\/\/api.w.org\/{rel}","templated":true}]}}