{"id":4514,"date":"2023-10-13T02:43:14","date_gmt":"2023-10-13T09:43:14","guid":{"rendered":"http:\/\/klingerdirndl.com\/index.php\/zahlungsarten-2\/"},"modified":"2023-10-13T02:43:14","modified_gmt":"2023-10-13T09:43:14","slug":"zahlungsarten-2","status":"publish","type":"page","link":"https:\/\/klingerdirndl.com\/index.php\/zahlungsarten-2\/","title":{"rendered":"Zahlungsarten"},"content":{"rendered":"<h4 data-mce-fragment=\"1\"><strong data-mce-fragment=\"1\"><b data-mce-fragment=\"1\">Kauf auf Rechnung mit Klarna<\/b><\/strong><\/h4>\n<p data-mce-fragment=\"1\">Beim Kauf auf Rechnung mit Klarna erh\u00e4ltst du erst die Ware und hast 14 Tage Zeit diese an Klarna zu begleichen. Beim Versand der Ware wird dir die Rechnung per E-Mail geschickt. Die Zahlungsinformatiochilldirndlnen erh\u00e4ltst du separat von Klarna per E-Mail. Bitte \u00fcberweise den Rechnungsbetrag ausschlie\u00dflich an die von Klarna mitgeteilte Bankverbindung. Deinen aktuellen Zahlstatus kannst du jederzeit in der Klarna App oder dem Klarna Kundenportal unter www.klarna.com\/de durch die Eingabe Ihrer E-Mail Adresse einsehen.<\/p>\n<p data-mce-fragment=\"1\">Bitte beachte, dass \u201eRechnung mit Klarna\u201c nur f\u00fcr Verbraucher, die mindestens 18 Jahre alt sind, sowie f\u00fcr Privatkunden verf\u00fcgbar ist.\u00a0Die vollst\u00e4ndigen AGBs zum Rechnungskauf findest du hier. Bei Fragen zu deiner Zahlung, hilft dir der Kundendienst von Klarna AB unter\u00a0<span data-mce-fragment=\"1\"><a href=\"https:\/\/www.klarna.com\/de\/kundenservice\/\" data-mce-fragment=\"1\" data-mce-href=\"https:\/\/www.klarna.com\/de\/kundenservice\/\"><u data-mce-fragment=\"1\">https:\/\/www.klarna.com\/de\/kundenservice<\/u><\/a><\/span>\u00a0weiter.<\/p>\n<p data-mce-fragment=\"1\">\u00a0<\/p>\n<p data-mce-fragment=\"1\">\u00a0<\/p>\n<h4 data-mce-fragment=\"1\"><strong data-mce-fragment=\"1\"><b data-mce-fragment=\"1\">Kreditkarte<\/b><\/strong><\/h4>\n<p data-mce-fragment=\"1\">Sie k\u00f6nnen einfach bequem mit der Kreditkarte bestellen. Wir akzeptieren Visa, Mastercard und American Express.<\/p>\n<p data-mce-fragment=\"1\">\u00a0<\/p>\n<p data-mce-fragment=\"1\">\u00a0<\/p>\n<p data-mce-fragment=\"1\"><span data-mce-fragment=\"1\"><strong data-mce-fragment=\"1\">Sofort pay<\/strong><\/span><\/p>\n<p data-mce-fragment=\"1\"><span data-mce-fragment=\"1\">Sofort ist ein Direkt-\u00dcberweisungsverfahren. Damit kann es jeder mit Online-Banking nutzen. Du w\u00e4hlst innerhalb des Bestellprozesses Sofort-\u00dcberweisung als Zahlungsart aus und schickst die Bestellung ab. Anschlie\u00dfend wirst du auf den vom T\u00dcV zertifizierten, gesicherten Bereich von Sofort-\u00dcberweisung weitergeleitet. Das dort angezeigte \u201aFormular\u2018 beinhaltet bereits alle notwenigen Angaben zu deiner Bestellung. Du gibst die Bankleitzahl deiner Bank an und gehst dann auf \u201aWeiter\u2018. Dann wirst du gebeten deine Kontonummer und dein Onlinebanking-PIN einzugeben. Anschlie\u00dfend tr\u00e4gst du die notwenige TAN ein und best\u00e4tigst dann den Vorgang. Die Abbuchung von deinem Konto erfolgt sofort und ist direkt bei uns im System verbucht. Anschlie\u00dfend wirst du dann auf unsere Best\u00e4tigungsseite weitergeleitet, welche<\/span><\/p>\n<p data-mce-fragment=\"1\"><strong data-mce-fragment=\"1\">Giro pay<\/strong><\/p>\n<p data-mce-fragment=\"1\"><span data-mce-fragment=\"1\">Sie k\u00f6nnen bequem und einfach mit Ihrer Giro pay\u00a0bestellen<\/span><span data-mce-fragment=\"1\">,\u00a0<\/span><span data-mce-fragment=\"1\">in welchem Ihre Bank- oder Kreditkartendaten hinterlegt sind.<\/span><\/p>\n<p data-mce-fragment=\"1\"><strong data-mce-fragment=\"1\">EPS<\/strong><\/p>\n<p data-mce-fragment=\"1\"><span data-mce-fragment=\"1\">Sie k\u00f6nnen bequem und einfach mit Ihrer Electronic Payment Services\u00a0bestellen<\/span><span data-mce-fragment=\"1\">,\u00a0<\/span><span data-mce-fragment=\"1\">in welchem Ihre Bank- oder Kreditkartendaten hinterlegt sind.<\/span><\/p>\n","protected":false},"excerpt":{"rendered":"<p>Kauf auf Rechnung mit Klarna Beim Kauf auf Rechnung mit Klarna erh\u00e4ltst du erst die Ware und hast 14 Tage Zeit diese an Klarna zu begleichen. Beim Versand der Ware wird dir die Rechnung per E-Mail geschickt. Die Zahlungsinformatiochilldirndlnen erh\u00e4ltst du separat von Klarna per E-Mail. Bitte \u00fcberweise den Rechnungsbetrag ausschlie\u00dflich an die von Klarna &hellip;<\/p>\n<p class=\"read-more\"> <a class=\"\" href=\"https:\/\/klingerdirndl.com\/index.php\/zahlungsarten-2\/\"> <span class=\"screen-reader-text\">Zahlungsarten<\/span> Read More \u00bb<\/a><\/p>\n","protected":false},"author":1,"featured_media":0,"parent":0,"menu_order":0,"comment_status":"closed","ping_status":"closed","template":"","meta":{"site-sidebar-layout":"default","site-content-layout":"","ast-site-content-layout":"","site-content-style":"default","site-sidebar-style":"default","ast-global-header-display":"","ast-banner-title-visibility":"","ast-main-header-display":"","ast-hfb-above-header-display":"","ast-hfb-below-header-display":"","ast-hfb-mobile-header-display":"","site-post-title":"","ast-breadcrumbs-content":"","ast-featured-img":"","footer-sml-layout":"","theme-transparent-header-meta":"","adv-header-id-meta":"","stick-header-meta":"","header-above-stick-meta":"","header-main-stick-meta":"","header-below-stick-meta":"","astra-migrate-meta-layouts":"","ast-page-background-enabled":"default","ast-page-background-meta":{"desktop":{"background-color":"var(--ast-global-color-4)","background-image":"","background-repeat":"repeat","background-position":"center center","background-size":"auto","background-attachment":"scroll","background-type":"","background-media":"","overlay-type":"","overlay-color":"","overlay-gradient":""},"tablet":{"background-color":"","background-image":"","background-repeat":"repeat","background-position":"center center","background-size":"auto","background-attachment":"scroll","background-type":"","background-media":"","overlay-type":"","overlay-color":"","overlay-gradient":""},"mobile":{"background-color":"","background-image":"","background-repeat":"repeat","background-position":"center center","background-size":"auto","background-attachment":"scroll","background-type":"","background-media":"","overlay-type":"","overlay-color":"","overlay-gradient":""}},"ast-content-background-meta":{"desktop":{"background-color":"var(--ast-global-color-5)","background-image":"","background-repeat":"repeat","background-position":"center center","background-size":"auto","background-attachment":"scroll","background-type":"","background-media":"","overlay-type":"","overlay-color":"","overlay-gradient":""},"tablet":{"background-color":"var(--ast-global-color-5)","background-image":"","background-repeat":"repeat","background-position":"center center","background-size":"auto","background-attachment":"scroll","background-type":"","background-media":"","overlay-type":"","overlay-color":"","overlay-gradient":""},"mobile":{"background-color":"var(--ast-global-color-5)","background-image":"","background-repeat":"repeat","background-position":"center center","background-size":"auto","background-attachment":"scroll","background-type":"","background-media":"","overlay-type":"","overlay-color":"","overlay-gradient":""}},"footnotes":""},"class_list":["post-4514","page","type-page","status-publish","hentry"],"acf":[],"_links":{"self":[{"href":"https:\/\/klingerdirndl.com\/index.php\/wp-json\/wp\/v2\/pages\/4514","targetHints":{"allow":["GET"]}}],"collection":[{"href":"https:\/\/klingerdirndl.com\/index.php\/wp-json\/wp\/v2\/pages"}],"about":[{"href":"https:\/\/klingerdirndl.com\/index.php\/wp-json\/wp\/v2\/types\/page"}],"author":[{"embeddable":true,"href":"https:\/\/klingerdirndl.com\/index.php\/wp-json\/wp\/v2\/users\/1"}],"replies":[{"embeddable":true,"href":"https:\/\/klingerdirndl.com\/index.php\/wp-json\/wp\/v2\/comments?post=4514"}],"version-history":[{"count":1,"href":"https:\/\/klingerdirndl.com\/index.php\/wp-json\/wp\/v2\/pages\/4514\/revisions"}],"predecessor-version":[{"id":7486,"href":"https:\/\/klingerdirndl.com\/index.php\/wp-json\/wp\/v2\/pages\/4514\/revisions\/7486"}],"wp:attachment":[{"href":"https:\/\/klingerdirndl.com\/index.php\/wp-json\/wp\/v2\/media?parent=4514"}],"curies":[{"name":"wp","href":"https:\/\/api.w.org\/{rel}","templated":true}]}}